{"id":2,"date":"2026-01-02T12:10:40","date_gmt":"2026-01-02T05:10:40","guid":{"rendered":"https:\/\/www.demo.vietnamweb.asia\/?page_id=2"},"modified":"2026-01-02T12:10:50","modified_gmt":"2026-01-02T05:10:50","slug":"trang-chu","status":"publish","type":"page","link":"https:\/\/onpen88.com\/","title":{"rendered":"Onpen88 &#8211; N\u1ea1p \u0110\u1ea7u USDT Th\u01b0\u1edfng Li\u00ean Ti\u1ebfp 2 Ng\u00e0y L\u00ean \u0110\u1ebfn 150%"},"content":{"rendered":"<h2><span style=\"font-size: 110%; color: #f99b1c;\"><strong>TRANG CH\u1ee6 \u0110\u0102NG NH\u1eacP NH\u00c0 C\u00c1I OPEN88<\/strong><\/span><\/h2>\n<p>Link trang t\u1ed5ng v\u00e0o Onpen88 ch\u00ednh th\u1ee9c c\u1eadp nh\u1eadt ng\u00e0y h\u00f4m nay m\u1edbi nh\u1ea5t:<\/p>\n<div class=\"row row-small\"  id=\"row-429208953\">\n\n\t<div id=\"col-1268551045\" class=\"col medium-4 small-12 large-4\"  >\n\t\t\t\t<div class=\"col-inner\"  >\n\t\t\t\n\t\t\t\n\t<div class=\"img has-hover x md-x lg-x y md-y lg-y\" id=\"image_858800293\">\n\t\t<a class=\"\" href=\"https:\/\/linkquangcao.com\/kfqi\" >\t\t\t\t\t\t<div class=\"img-inner dark\" >\n\t\t\t<img loading=\"lazy\" decoding=\"async\" width=\"400\" height=\"188\" src=\"https:\/\/onpen88.com\/wp-content\/uploads\/2025\/03\/dang-ky.webp\" class=\"attachment-original size-original\" alt=\"\u0110\u0103ng k\u00fd nh\u00e0 c\u00e1i\" srcset=\"https:\/\/onpen88.com\/wp-content\/uploads\/2025\/03\/dang-ky.webp 400w, https:\/\/onpen88.com\/wp-content\/uploads\/2025\/03\/dang-ky-300x141.webp 300w\" sizes=\"auto, (max-width: 400px) 100vw, 400px\" \/>\t\t\t\t\t\t\n\t\t\t\t\t<\/div>\n\t\t\t\t\t\t<\/a>\t\t\n<style>\n#image_858800293 {\n  width: 100%;\n}\n<\/style>\n\t<\/div>\n\t\n\t\t<\/div>\n\t\t\t\t\t<\/div>\n\n\t\n\n\t<div id=\"col-1352356589\" class=\"col medium-4 small-12 large-4\"  >\n\t\t\t\t<div class=\"col-inner\"  >\n\t\t\t\n\t\t\t\n\t<div class=\"img has-hover x md-x lg-x y md-y lg-y\" id=\"image_1475558761\">\n\t\t<a class=\"\" href=\"https:\/\/linkquangcao.com\/kfqi\" >\t\t\t\t\t\t<div class=\"img-inner dark\" >\n\t\t\t<img loading=\"lazy\" decoding=\"async\" width=\"400\" height=\"188\" src=\"https:\/\/onpen88.com\/wp-content\/uploads\/2025\/03\/dang-nhap.webp\" class=\"attachment-original size-original\" alt=\"\u0110\u0103ng nh\u1eadp t\u1ea3i app\" srcset=\"https:\/\/onpen88.com\/wp-content\/uploads\/2025\/03\/dang-nhap.webp 400w, https:\/\/onpen88.com\/wp-content\/uploads\/2025\/03\/dang-nhap-300x141.webp 300w\" sizes=\"auto, (max-width: 400px) 100vw, 400px\" \/>\t\t\t\t\t\t\n\t\t\t\t\t<\/div>\n\t\t\t\t\t\t<\/a>\t\t\n<style>\n#image_1475558761 {\n  width: 100%;\n}\n<\/style>\n\t<\/div>\n\t\n\t\t<\/div>\n\t\t\t\t\t<\/div>\n\n\t\n\n\t<div id=\"col-832094783\" class=\"col medium-4 small-12 large-4\"  >\n\t\t\t\t<div class=\"col-inner\"  >\n\t\t\t\n\t\t\t\n\t<div class=\"img has-hover x md-x lg-x y md-y lg-y\" id=\"image_1833185635\">\n\t\t<a class=\"\" href=\"https:\/\/linkquangcao.com\/kfqi\" >\t\t\t\t\t\t<div class=\"img-inner dark\" >\n\t\t\t<img loading=\"lazy\" decoding=\"async\" width=\"400\" height=\"188\" src=\"https:\/\/onpen88.com\/wp-content\/uploads\/2025\/03\/khuyen-mai.webp\" class=\"attachment-original size-original\" alt=\"Khuy\u1ebfn m\u00e3i th\u00e0nh vi\u00ean\" srcset=\"https:\/\/onpen88.com\/wp-content\/uploads\/2025\/03\/khuyen-mai.webp 400w, https:\/\/onpen88.com\/wp-content\/uploads\/2025\/03\/khuyen-mai-300x141.webp 300w\" sizes=\"auto, (max-width: 400px) 100vw, 400px\" \/>\t\t\t\t\t\t\n\t\t\t\t\t<\/div>\n\t\t\t\t\t\t<\/a>\t\t\n<style>\n#image_1833185635 {\n  width: 100%;\n}\n<\/style>\n\t<\/div>\n\t\n\t\t<\/div>\n\t\t\t\t\t<\/div>\n\n\t\n<\/div>\n\t<div id=\"gap-556555120\" class=\"gap-element clearfix\" style=\"display:block; height:auto;\">\n\t\t\n<style>\n#gap-556555120 {\n  padding-top: 16px;\n}\n<\/style>\n\t<\/div>\n\t\n\t<div id=\"gap-440321800\" class=\"gap-element clearfix\" style=\"display:block; height:auto;\">\n\t\t\n<style>\n#gap-440321800 {\n  padding-top: 15px;\n}\n<\/style>\n\t<\/div>\n\t\n<p><em><strong>Disclaimer (Tuy\u00ean b\u1ed1 mi\u1ec5n tr\u1eeb):<\/strong><\/em> Onpen88.com ch\u1ec9 \u0111\u00f3ng vai tr\u00f2 t\u1ed5ng h\u1ee3p v\u00e0 chia s\u1ebb n\u1ed9i dung mang t\u00ednh th\u00f4ng tin d\u00e0nh cho ng\u01b0\u1eddi \u0111\u1ee7 \u0111i\u1ec1u ki\u1ec7n \u0111\u1ed9 tu\u1ed5i theo quy \u0111\u1ecbnh. Onpen88 win kh\u00f4ng \u0111i\u1ec1u h\u00e0nh, kh\u00f4ng m\u00f4i gi\u1edbi v\u00e0 kh\u00f4ng ch\u1ecbu tr\u00e1ch nhi\u1ec7m \u0111\u1ed1i v\u1edbi c\u00e1c ho\u1ea1t \u0111\u1ed9ng c\u00e1 c\u01b0\u1ee3c di\u1ec5n ra tr\u00ean website b\u00ean ngo\u00e0i m\u00e0 ng\u01b0\u1eddi d\u00f9ng t\u1ef1 nguy\u1ec7n truy c\u1eadp.<\/p>\n<h2 class=\"tieu-de uppercase\"><span style=\"color: #3366ff;\"><strong>FAQ &#8211; th\u1eafc m\u1eafc th\u01b0\u1eddng th\u1ea5y khi ch\u01a1i tr\u00ean OPEN88<\/strong><\/span><\/h2>\n<div class=\"accordion\"><\/div>\n\t<div id=\"accordion-3256800846\" class=\"accordion-item\">\n\t\t<a id=\"accordion-3256800846-label\" class=\"accordion-title plain\" href=\"#accordion-item-%20c\u00f3-nh\u1eefng-\u0111\u01b0\u1eddng-d\u1eabn-truy-c\u1eadp-onpen-88.com-n\u00e0o?-\" aria-expanded=\"false\" aria-controls=\"accordion-3256800846-content\" >\n\t\t\t<button class=\"toggle\" aria-label=\"Chuy\u1ec3n \u0111\u1ed5i\"><i class=\"icon-angle-down\"><\/i><\/button>\n\t\t\t<span> C\u00f3 nh\u1eefng \u0111\u01b0\u1eddng d\u1eabn truy c\u1eadp Onpen 88.com n\u00e0o? <\/span>\n\t\t<\/a>\n\t\t<div id=\"accordion-3256800846-content\" class=\"accordion-inner\" aria-labelledby=\"accordion-3256800846-label\" >\n\t\t\t\n<p><span style=\"color: #3366ff;\">Nh\u00e0 c\u00e1i Open88 .com cung c\u1ea5p c\u00e1c \u0111\u01b0\u1eddng d\u1eabn truy c\u1eadp sau:<\/span><\/p>\n<ul>\n<li><span style=\"color: #3366ff;\">Onpen88.com<\/span><\/li>\n<li><span style=\"color: #3366ff;\">Onpen888.casino<\/span><\/li>\n<li><span style=\"color: #3366ff;\">Onpen 88.game<\/span><\/li>\n<li><span style=\"color: #3366ff;\">Open888.app<\/span><\/li>\n<li><span style=\"color: #3366ff;\">Onpen88 . bet<\/span><\/li>\n<li><span style=\"color: #3366ff;\">Onpen 88.win<\/span><\/li>\n<\/ul>\n<p>#trangchuopen88 #dangnhapopen88 #dangkyopen88 #taiappopen88 #appopen88 #open88bet #open88casino<\/p>\n<p>#trangchuonpen88 #dangnhaponpen88 #dangkyonpe88 #taiapponpen88 #apponpen88 #onpen88bet #onpen88casino<\/p>\n\t\t<\/div>\n\t<\/div>\n\t\n\t<div id=\"accordion-3283601354\" class=\"accordion-item\">\n\t\t<a id=\"accordion-3283601354-label\" class=\"accordion-title plain\" href=\"#accordion-item-c\u00e1ch-nh\u1eadn-khuy\u1ebfn-m\u00e3i-ch\u00e0o-m\u1eebng-t\u00e2n-th\u1ee7-t\u1ea1i-onpen88.casino?\" aria-expanded=\"false\" aria-controls=\"accordion-3283601354-content\" >\n\t\t\t<button class=\"toggle\" aria-label=\"Chuy\u1ec3n \u0111\u1ed5i\"><i class=\"icon-angle-down\"><\/i><\/button>\n\t\t\t<span>C\u00e1ch nh\u1eadn khuy\u1ebfn m\u00e3i ch\u00e0o m\u1eebng t\u00e2n th\u1ee7 t\u1ea1i Onpen88.casino?<\/span>\n\t\t<\/a>\n\t\t<div id=\"accordion-3283601354-content\" class=\"accordion-inner\" aria-labelledby=\"accordion-3283601354-label\" >\n\t\t\t\n<p><span style=\"color: #3366ff;\">Sau khi \u0111\u0103ng k\u00fd t\u00e0i kho\u1ea3n l\u1ea7n \u0111\u1ea7u th\u00e0nh c\u00f4ng t\u1ea1i Open88. Ch\u1ec9 c\u1ea7n th\u00f4ng tin c\u00e1 nh\u00e2n kh\u00f4ng b\u1ecb tr\u00f9ng l\u1eb7p, ng\u01b0\u1eddi ch\u01a1i truy c\u1eadp t\u00e0i kho\u1ea3n v\u00e0o h\u00f2m th\u01b0 nh\u1eadn \u0111\u01b0\u1ee3c ngay 68k mi\u1ec5n ph\u00ed tr\u1ea3i nghi\u1ec7m \u0111\u01b0\u1ee3c m\u1ecdi game.<\/span><\/p>\n\t\t<\/div>\n\t<\/div>\n\t\n\t<div id=\"accordion-1853164423\" class=\"accordion-item\">\n\t\t<a id=\"accordion-1853164423-label\" class=\"accordion-title plain\" href=\"#accordion-item-nh\u00e0-c\u00e1i-onpen88-con-c\u00f3-uy-t\u00edn-kh\u00f4ng?\" aria-expanded=\"false\" aria-controls=\"accordion-1853164423-content\" >\n\t\t\t<button class=\"toggle\" aria-label=\"Chuy\u1ec3n \u0111\u1ed5i\"><i class=\"icon-angle-down\"><\/i><\/button>\n\t\t\t<span>Nh\u00e0 c\u00e1i Onpen88 con c\u00f3 uy t\u00edn kh\u00f4ng?<\/span>\n\t\t<\/a>\n\t\t<div id=\"accordion-1853164423-content\" class=\"accordion-inner\" aria-labelledby=\"accordion-1853164423-label\" >\n\t\t\t\n<p><span style=\"color: #3366ff;\">Open88 game l\u00e0 m\u1ed9t nh\u00e0 c\u00e1i uy t\u00edn c\u00f3 gi\u1ea5y ph\u00e9p c\u00e1 c\u01b0\u1ee3c tr\u1ef1c tuy\u1ebfn h\u1ee3p ph\u00e1p do Isle of Man v\u00e0 Khu kinh t\u1ebf Cagayan and Freeport c\u1ea5p. M\u1ecdi ho\u1ea1t \u0111\u1ed9ng \u0111\u1ec1u \u0111\u01b0\u1ee3c gi\u00e1m s\u00e1t ch\u1eb7t ch\u1ebd c\u1ee7a c\u00e1c t\u1ed5 ch\u1ee9c uy t\u00edn tr\u00ean do \u0111\u00f3 \u0111\u1ea3m b\u1ea3o mang \u0111\u1ebfn cho ng\u01b0\u1eddi ch\u01a1i s\u00e2n ch\u01a1i uy t\u00edn an to\u00e0n minh b\u1ea1ch.<\/span><\/p>\n\t\t<\/div>\n\t<\/div>\n\t\n\t<div id=\"accordion-478678944\" class=\"accordion-item\">\n\t\t<a id=\"accordion-478678944-label\" class=\"accordion-title plain\" href=\"#accordion-item-ch\u01a1i-onpen8888-c\u00f3-r\u00fat-\u0111\u01b0\u1ee3c-ti\u1ec1n-kh\u00f4ng?\" aria-expanded=\"false\" aria-controls=\"accordion-478678944-content\" >\n\t\t\t<button class=\"toggle\" aria-label=\"Chuy\u1ec3n \u0111\u1ed5i\"><i class=\"icon-angle-down\"><\/i><\/button>\n\t\t\t<span>Ch\u01a1i Onpen8888 c\u00f3 r\u00fat \u0111\u01b0\u1ee3c ti\u1ec1n kh\u00f4ng?<\/span>\n\t\t<\/a>\n\t\t<div id=\"accordion-478678944-content\" class=\"accordion-inner\" aria-labelledby=\"accordion-478678944-label\" >\n\t\t\t\n<p><span style=\"color: #3366ff;\">Ng\u01b0\u1eddi ch\u01a1i t\u1ea1i Onpen88 now ho\u00e0n to\u00e0n r\u00fat \u0111\u01b0\u1ee3c ti\u1ec1n khi \u0111\u00e3 \u0111\u1ee7 \u0111i\u1ec1u ki\u1ec7n th\u01b0\u1eddng th\u00ec sau 1 v\u00f2ng c\u01b0\u1ee3c ho\u1eb7c s\u1ed1 v\u00f2ng c\u01b0\u1ee3c c\u1ee7a nh\u1eefng ch\u01b0\u01a1ng tr\u00ecnh khuy\u1ebfn m\u00e3i \u0111\u00e3 th\u00f4ng b\u00e1o chi ti\u1ebft \u0111\u1ebfn ng\u01b0\u1eddi ch\u01a1i.<\/span><\/p>\n\t\t<\/div>\n\t<\/div>\n\t\n","protected":false},"excerpt":{"rendered":"<p>TRANG CH\u1ee6 \u0110\u0102NG NH\u1eacP NH\u00c0 C\u00c1I OPEN88 Link trang t\u1ed5ng v\u00e0o Onpen88 ch\u00ednh th\u1ee9c c\u1eadp nh\u1eadt ng\u00e0y h\u00f4m nay m\u1edbi nh\u1ea5t: Disclaimer (Tuy\u00ean b\u1ed1 mi\u1ec5n tr\u1eeb): Onpen88.com ch\u1ec9 \u0111\u00f3ng vai tr\u00f2 t\u1ed5ng h\u1ee3p v\u00e0 chia s\u1ebb n\u1ed9i dung mang t\u00ednh th\u00f4ng tin d\u00e0nh cho ng\u01b0\u1eddi \u0111\u1ee7 \u0111i\u1ec1u ki\u1ec7n \u0111\u1ed9 tu\u1ed5i theo quy \u0111\u1ecbnh. Onpen88 win&#8230;<\/p>\n","protected":false},"author":1,"featured_media":0,"parent":0,"menu_order":0,"comment_status":"closed","ping_status":"open","template":"page-right-sidebar.php","meta":{"footnotes":""},"class_list":["post-2","page","type-page","status-publish","hentry"],"_links":{"self":[{"href":"https:\/\/onpen88.com\/index.php?rest_route=\/wp\/v2\/pages\/2","targetHints":{"allow":["GET"]}}],"collection":[{"href":"https:\/\/onpen88.com\/index.php?rest_route=\/wp\/v2\/pages"}],"about":[{"href":"https:\/\/onpen88.com\/index.php?rest_route=\/wp\/v2\/types\/page"}],"author":[{"embeddable":true,"href":"https:\/\/onpen88.com\/index.php?rest_route=\/wp\/v2\/users\/1"}],"replies":[{"embeddable":true,"href":"https:\/\/onpen88.com\/index.php?rest_route=%2Fwp%2Fv2%2Fcomments&post=2"}],"version-history":[{"count":54,"href":"https:\/\/onpen88.com\/index.php?rest_route=\/wp\/v2\/pages\/2\/revisions"}],"predecessor-version":[{"id":633,"href":"https:\/\/onpen88.com\/index.php?rest_route=\/wp\/v2\/pages\/2\/revisions\/633"}],"wp:attachment":[{"href":"https:\/\/onpen88.com\/index.php?rest_route=%2Fwp%2Fv2%2Fmedia&parent=2"}],"curies":[{"name":"wp","href":"https:\/\/api.w.org\/{rel}","templated":true}]}}